{"id":2,"date":"2024-11-28T16:02:04","date_gmt":"2024-11-28T16:02:04","guid":{"rendered":"http:\/\/localhost\/wordpress\/?page_id=2"},"modified":"2025-08-26T11:53:28","modified_gmt":"2025-08-26T11:53:28","slug":"sample-page","status":"publish","type":"page","link":"https:\/\/www.valvemar.cz\/","title":{"rendered":"\u00davod"},"content":{"rendered":"\n<div class=\"wp-block-group alignfull is-content-justification-center\" style=\"margin-top:0;margin-bottom:0;padding-top:calc( 0.5 * var(--wp--style--root--padding-right, var(--wp--custom--gap--horizontal)));padding-right:var(--wp--style--root--padding-right, var(--wp--custom--gap--horizontal));padding-bottom:calc( 0.5 * var(--wp--style--root--padding-right, var(--wp--custom--gap--horizontal)));padding-left:var(--wp--style--root--padding-left, var(--wp--custom--gap--horizontal))\"><div class=\"wp-block-group__inner-container is-layout-constrained wp-container-core-group-is-layout-b073b61b wp-block-group-is-layout-constrained\">\n<div style=\"height:calc( 0.25 * var(--wp--style--root--padding-right, var(--wp--custom--gap--horizontal)))\" aria-hidden=\"true\" class=\"wp-block-spacer\"><\/div>\n\n\n\n<div class=\"wp-block-columns alignwide are-vertically-aligned-center has-white-color has-text-color has-background has-link-color has-medium-font-size wp-elements-f2a25627c6727c6c5cf668fe54194160 is-layout-flex wp-container-core-columns-is-layout-6aa4370a wp-block-columns-is-layout-flex\" style=\"background-color:#00aaaa\">\n<div class=\"wp-block-column is-vertically-aligned-center is-layout-flow wp-block-column-is-layout-flow\">\n<figure class=\"wp-block-image size-full\"><img loading=\"lazy\" decoding=\"async\" width=\"2560\" height=\"2199\" src=\"https:\/\/www.valvemar.cz\/wp-content\/uploads\/2024\/12\/IMG_20240527_193125_568-scaled.jpg\" alt=\"\" class=\"wp-image-313\" style=\"aspect-ratio:1;object-fit:cover\" srcset=\"https:\/\/www.valvemar.cz\/wp-content\/uploads\/2024\/12\/IMG_20240527_193125_568-scaled.jpg 2560w, https:\/\/www.valvemar.cz\/wp-content\/uploads\/2024\/12\/IMG_20240527_193125_568-300x258.jpg 300w, https:\/\/www.valvemar.cz\/wp-content\/uploads\/2024\/12\/IMG_20240527_193125_568-1024x879.jpg 1024w, https:\/\/www.valvemar.cz\/wp-content\/uploads\/2024\/12\/IMG_20240527_193125_568-768x660.jpg 768w, https:\/\/www.valvemar.cz\/wp-content\/uploads\/2024\/12\/IMG_20240527_193125_568-1536x1319.jpg 1536w, https:\/\/www.valvemar.cz\/wp-content\/uploads\/2024\/12\/IMG_20240527_193125_568-2048x1759.jpg 2048w, https:\/\/www.valvemar.cz\/wp-content\/uploads\/2024\/12\/IMG_20240527_193125_568-600x515.jpg 600w\" sizes=\"auto, (max-width: 2560px) 100vw, 2560px\" \/><\/figure>\n<\/div>\n\n\n\n<div class=\"wp-block-column is-vertically-aligned-center is-layout-flow wp-block-column-is-layout-flow\">\n<p class=\"has-text-align-center\">Spole\u010dnost VALVEMAR s.r.o. byla zalo\u017eena v lednu 2022 panem Miroslavem Mare\u0161em. Z\u00e1kladn\u00edm kamenem byly jeho mnohalet\u00e9 zku\u0161enosti v oblasti pr\u016fmyslov\u00fdch armatur, potrubn\u00edch d\u00edl\u016f a jejich p\u0159\u00edslu\u0161enstv\u00ed.<\/p>\n\n\n\n<p class=\"has-text-align-center\">Sv\u00fdm z\u00e1kazn\u00edk\u016fm poskytujeme poradenstv\u00ed, dod\u00e1vky, \u00fapravy a opravy armatur, v\u010detn\u011b jejich kompletace s pohony. V\u017edy vyb\u00edr\u00e1me optim\u00e1ln\u00ed \u0159e\u0161en\u00ed pro konkr\u00e9tn\u00ed po\u017eadavky klient\u016f.<\/p>\n<\/div>\n<\/div>\n\n\n\n<div style=\"height:calc( 0.25 * var(--wp--style--root--padding-right, var(--wp--custom--gap--horizontal)))\" aria-hidden=\"true\" class=\"wp-block-spacer\"><\/div>\n<\/div><\/div>\n\n\n\n<div class=\"wp-block-group alignfull has-white-color has-text-color has-background has-link-color wp-elements-7b5895fb60a8b1c9494ca7d431314a9e is-content-justification-space-between is-layout-flex wp-container-core-group-is-layout-0904c582 wp-block-group-is-layout-flex\" style=\"background-color:#00aaaa;margin-top:0;margin-bottom:0;padding-top:var(--wp--preset--spacing--50);padding-right:var(--wp--preset--spacing--30);padding-bottom:var(--wp--preset--spacing--50);padding-left:var(--wp--preset--spacing--30)\">\n<div class=\"wp-block-group wp-container-content-9cfa9a5a is-vertical is-layout-flex wp-container-core-group-is-layout-b7faace9 wp-block-group-is-layout-flex\">\n<p class=\"has-text-align-left\">VALVEMAR s.r.o.<\/p>\n\n\n\n<p class=\"has-text-align-left\">Veleliby 26, 28802 Dvory (okr. Nymburk), \u010cesk\u00e1 Republika<\/p>\n\n\n\n<p class=\"has-text-align-left\">tel.: +420 603 453 545<\/p>\n\n\n\n<p class=\"has-text-align-left\">e-mail: info@valvemar.cz<\/p>\n\n\n\n<p>I\u010c: 14154102   DI\u010c: CZ14154102<\/p>\n\n\n\n<p>Spisov\u00e1 zna\u010dka: C 361087 veden\u00e1 u M\u011bstsk\u00e9ho soudu v Praze<\/p>\n\n\n\n<p><\/p>\n\n\n\n<p class=\"has-text-align-left has-small-font-size\">Proudly powered by <a rel=\"nofollow\" href=\"https:\/\/wordpress.org\">WordPress<\/a> <\/p>\n<\/div>\n<\/div>\n\n\n\n<p><\/p>\n","protected":false},"excerpt":{"rendered":"<p>Spole\u010dnost VALVEMAR s.r.o. byla zalo\u017eena v lednu 2022 panem Miroslavem Mare\u0161em. Z\u00e1kladn\u00edm kamenem byly jeho mnohalet\u00e9 zku\u0161enosti v oblasti pr\u016fmyslov\u00fdch armatur, potrubn\u00edch d\u00edl\u016f a jejich p\u0159\u00edslu\u0161enstv\u00ed. Sv\u00fdm z\u00e1kazn\u00edk\u016fm poskytujeme poradenstv\u00ed, dod\u00e1vky, \u00fapravy a opravy armatur, v\u010detn\u011b jejich kompletace s pohony. V\u017edy vyb\u00edr\u00e1me optim\u00e1ln\u00ed \u0159e\u0161en\u00ed pro konkr\u00e9tn\u00ed po\u017eadavky klient\u016f.<\/p>\n","protected":false},"author":1,"featured_media":0,"parent":0,"menu_order":0,"comment_status":"closed","ping_status":"open","template":"","meta":{"footnotes":""},"class_list":["post-2","page","type-page","status-publish","hentry"],"_links":{"self":[{"href":"https:\/\/www.valvemar.cz\/index.php?rest_route=\/wp\/v2\/pages\/2","targetHints":{"allow":["GET"]}}],"collection":[{"href":"https:\/\/www.valvemar.cz\/index.php?rest_route=\/wp\/v2\/pages"}],"about":[{"href":"https:\/\/www.valvemar.cz\/index.php?rest_route=\/wp\/v2\/types\/page"}],"author":[{"embeddable":true,"href":"https:\/\/www.valvemar.cz\/index.php?rest_route=\/wp\/v2\/users\/1"}],"replies":[{"embeddable":true,"href":"https:\/\/www.valvemar.cz\/index.php?rest_route=%2Fwp%2Fv2%2Fcomments&post=2"}],"version-history":[{"count":14,"href":"https:\/\/www.valvemar.cz\/index.php?rest_route=\/wp\/v2\/pages\/2\/revisions"}],"predecessor-version":[{"id":616,"href":"https:\/\/www.valvemar.cz\/index.php?rest_route=\/wp\/v2\/pages\/2\/revisions\/616"}],"wp:attachment":[{"href":"https:\/\/www.valvemar.cz\/index.php?rest_route=%2Fwp%2Fv2%2Fmedia&parent=2"}],"curies":[{"name":"wp","href":"https:\/\/api.w.org\/{rel}","templated":true}]}}