{"id":6,"date":"2024-11-28T14:51:59","date_gmt":"2024-11-28T14:51:59","guid":{"rendered":"http:\/\/localhost\/wordpress\/?page_id=6"},"modified":"2025-01-04T20:38:38","modified_gmt":"2025-01-04T20:38:38","slug":"cart","status":"publish","type":"page","link":"https:\/\/www.valvemar.cz\/?page_id=6","title":{"rendered":"Ko\u0161\u00edk"},"content":{"rendered":"\n<p class=\"has-text-align-center has-white-color has-text-color has-background has-link-color wp-elements-c4be49aaa15869fbc6a386d8676936a6\" style=\"background-color:#00aaaa\"><strong>str\u00e1nky v rekonstrukci<\/strong><\/p>\n\n\n\n<p class=\"has-text-align-center has-white-color has-text-color has-background has-link-color wp-elements-d3d87f35ac8d05e9092dd909330b0ae3\" style=\"background-color:#00aaaa\">D\u011bkujeme za pochopen\u00ed.<\/p>\n\n\n\n<p><\/p>\n\n\n\n<div data-block-name=\"woocommerce\/cart\" class=\"wp-block-woocommerce-cart alignwide is-loading\">\n<div data-block-name=\"woocommerce\/filled-cart-block\" class=\"wp-block-woocommerce-filled-cart-block\">\n<div data-block-name=\"woocommerce\/cart-items-block\" class=\"wp-block-woocommerce-cart-items-block\">\n<div data-block-name=\"woocommerce\/cart-line-items-block\" class=\"wp-block-woocommerce-cart-line-items-block\"><\/div>\n\n\n\n<div data-block-name=\"woocommerce\/cart-cross-sells-block\" class=\"wp-block-woocommerce-cart-cross-sells-block\">\n<h2 class=\"wp-block-heading has-large-font-size\">Mohlo by se Ti l\u00edbit\u2026<\/h2>\n\n\n\n<div data-block-name=\"woocommerce\/cart-cross-sells-products-block\" class=\"wp-block-woocommerce-cart-cross-sells-products-block\"><\/div>\n<\/div>\n<\/div>\n\n\n\n<div data-block-name=\"woocommerce\/cart-totals-block\" class=\"wp-block-woocommerce-cart-totals-block\">\n<div data-block-name=\"woocommerce\/cart-order-summary-block\" class=\"wp-block-woocommerce-cart-order-summary-block\">\n<div data-block-name=\"woocommerce\/cart-order-summary-heading-block\" data-content=\"Celkem k platb\u011b\" class=\"wp-block-woocommerce-cart-order-summary-heading-block\"><\/div>\n\n\n\n<div data-block-name=\"woocommerce\/cart-order-summary-coupon-form-block\" class=\"wp-block-woocommerce-cart-order-summary-coupon-form-block\"><\/div>\n\n\n\n<div data-block-name=\"woocommerce\/cart-order-summary-totals-block\" class=\"wp-block-woocommerce-cart-order-summary-totals-block\">\n<div data-block-name=\"woocommerce\/cart-order-summary-subtotal-block\" class=\"wp-block-woocommerce-cart-order-summary-subtotal-block\"><\/div>\n\n\n\n<div data-block-name=\"woocommerce\/cart-order-summary-fee-block\" class=\"wp-block-woocommerce-cart-order-summary-fee-block\"><\/div>\n\n\n\n<div data-block-name=\"woocommerce\/cart-order-summary-discount-block\" class=\"wp-block-woocommerce-cart-order-summary-discount-block\"><\/div>\n\n\n\n<div data-block-name=\"woocommerce\/cart-order-summary-shipping-block\" class=\"wp-block-woocommerce-cart-order-summary-shipping-block\"><\/div>\n\n\n\n<div data-block-name=\"woocommerce\/cart-order-summary-taxes-block\" class=\"wp-block-woocommerce-cart-order-summary-taxes-block\"><\/div>\n<\/div>\n<\/div>\n\n\n\n<div data-block-name=\"woocommerce\/cart-express-payment-block\" class=\"wp-block-woocommerce-cart-express-payment-block\"><\/div>\n\n\n\n<div data-block-name=\"woocommerce\/proceed-to-checkout-block\" class=\"wp-block-woocommerce-proceed-to-checkout-block\"><\/div>\n\n\n\n<div data-block-name=\"woocommerce\/cart-accepted-payment-methods-block\" class=\"wp-block-woocommerce-cart-accepted-payment-methods-block\"><\/div>\n<\/div>\n<\/div>\n\n\n\n<div data-block-name=\"woocommerce\/empty-cart-block\" class=\"wp-block-woocommerce-empty-cart-block\">\n<h2 class=\"wp-block-heading has-text-align-center with-empty-cart-icon wc-block-cart__empty-cart__title\">V\u00e1\u0161 ko\u0161\u00edk je aktu\u00e1ln\u011b pr\u00e1zdn\u00fd!<\/h2>\n\n\n\n<p class=\"has-text-align-center\"><a href=\"https:\/\/www.valvemar.cz\/?page_id=5\">Prohl\u00ed\u017eet obchod<\/a>.<\/p>\n\n\n\n<hr class=\"wp-block-separator has-alpha-channel-opacity is-style-dots\"\/>\n\n\n\n<h2 class=\"wp-block-heading has-text-align-center\">Novinka<\/h2>\n\n\n<div data-block-name=\"woocommerce\/product-new\" data-columns=\"4\" data-rows=\"1\" class=\"wc-block-grid wp-block-product-new wp-block-woocommerce-product-new wc-block-product-new has-4-columns\"><ul class=\"wc-block-grid__products\"><li class=\"wc-block-grid__product\">\n\t\t\t\t<a href=\"https:\/\/www.valvemar.cz\/?product=kompenzator-axialni-vlnovcovy-prirubovy-dn65-pn16-aisi321-l140-20-mm\" class=\"wc-block-grid__product-link\">\n\t\t\t\t\t\n\t\t\t\t\t<div class=\"wc-block-grid__product-image\"><img loading=\"lazy\" decoding=\"async\" width=\"300\" height=\"300\" src=\"https:\/\/www.valvemar.cz\/wp-content\/uploads\/2026\/03\/1521065-300x300.jpg\" class=\"attachment-woocommerce_thumbnail size-woocommerce_thumbnail\" alt=\"Kompenz\u00e1tor axi\u00e1ln\u00ed vlnovcov\u00fd p\u0159\u00edrubov\u00fd DN65 PN16 AISI321 L=140 +\/-20 mm\" srcset=\"https:\/\/www.valvemar.cz\/wp-content\/uploads\/2026\/03\/1521065-300x300.jpg 300w, https:\/\/www.valvemar.cz\/wp-content\/uploads\/2026\/03\/1521065-1022x1024.jpg 1022w, https:\/\/www.valvemar.cz\/wp-content\/uploads\/2026\/03\/1521065-150x150.jpg 150w, https:\/\/www.valvemar.cz\/wp-content\/uploads\/2026\/03\/1521065-768x770.jpg 768w, https:\/\/www.valvemar.cz\/wp-content\/uploads\/2026\/03\/1521065-1532x1536.jpg 1532w, https:\/\/www.valvemar.cz\/wp-content\/uploads\/2026\/03\/1521065-2043x2048.jpg 2043w, https:\/\/www.valvemar.cz\/wp-content\/uploads\/2026\/03\/1521065-600x601.jpg 600w, https:\/\/www.valvemar.cz\/wp-content\/uploads\/2026\/03\/1521065-100x100.jpg 100w\" sizes=\"auto, (max-width: 300px) 100vw, 300px\" \/><\/div>\n\t\t\t\t\t<div class=\"wc-block-grid__product-title\">Kompenz\u00e1tor axi\u00e1ln\u00ed vlnovcov\u00fd p\u0159\u00edrubov\u00fd DN65 PN16 AISI321 L=140 +\/-20 mm<\/div>\n\t\t\t\t<\/a>\n\t\t\t\t<div class=\"wc-block-grid__product-price price\"><span class=\"woocommerce-Price-amount amount\">4 938&nbsp;<span class=\"woocommerce-Price-currencySymbol\">&#075;&#269;<\/span><\/span> <small class=\"woocommerce-price-suffix\">v\u010detn\u011b DPH<\/small><\/div>\n\t\t\t\t\n\t\t\t\t<div class=\"wp-block-button wc-block-grid__product-add-to-cart\"><a href=\"\/index.php?rest_route=%2Fwp%2Fv2%2Fpages%2F6&#038;add-to-cart=730\" aria-label=\"P\u0159idat do ko\u0161\u00edku: &ldquo;Kompenz\u00e1tor axi\u00e1ln\u00ed vlnovcov\u00fd p\u0159\u00edrubov\u00fd DN65 PN16 AISI321 L=140 +\/-20 mm&rdquo;\" data-quantity=\"1\" data-product_id=\"730\" data-product_sku=\"EJS15210065016\" data-price=\"4938\" rel=\"nofollow\" class=\"wp-block-button__link  add_to_cart_button ajax_add_to_cart\">P\u0159idat do ko\u0161\u00edku<\/a><\/div>\n\t\t\t<\/li><li class=\"wc-block-grid__product\">\n\t\t\t\t<a href=\"https:\/\/www.valvemar.cz\/?product=klapka-zpetna-dvoukridla-meziprirubova-typ-371-dn100-pn16-gg25-epdm-cf8m-l64\" class=\"wc-block-grid__product-link\">\n\t\t\t\t\t\n\t\t\t\t\t<div class=\"wc-block-grid__product-image\"><img loading=\"lazy\" decoding=\"async\" width=\"300\" height=\"300\" src=\"https:\/\/www.valvemar.cz\/wp-content\/uploads\/2024\/12\/371080-300x300.jpg\" class=\"attachment-woocommerce_thumbnail size-woocommerce_thumbnail\" alt=\"Klapka zp\u011btn\u00e1 dvouk\u0159\u00eddl\u00e1 mezip\u0159\u00edrubov\u00e1 typ 371 DN100 PN16 GG25 EPDM\/CF8M L=64\" srcset=\"https:\/\/www.valvemar.cz\/wp-content\/uploads\/2024\/12\/371080-300x300.jpg 300w, https:\/\/www.valvemar.cz\/wp-content\/uploads\/2024\/12\/371080-1022x1024.jpg 1022w, https:\/\/www.valvemar.cz\/wp-content\/uploads\/2024\/12\/371080-150x150.jpg 150w, https:\/\/www.valvemar.cz\/wp-content\/uploads\/2024\/12\/371080-768x769.jpg 768w, https:\/\/www.valvemar.cz\/wp-content\/uploads\/2024\/12\/371080-1533x1536.jpg 1533w, https:\/\/www.valvemar.cz\/wp-content\/uploads\/2024\/12\/371080-2045x2048.jpg 2045w, https:\/\/www.valvemar.cz\/wp-content\/uploads\/2024\/12\/371080-600x601.jpg 600w, https:\/\/www.valvemar.cz\/wp-content\/uploads\/2024\/12\/371080-100x100.jpg 100w\" sizes=\"auto, (max-width: 300px) 100vw, 300px\" \/><\/div>\n\t\t\t\t\t<div class=\"wc-block-grid__product-title\">Klapka zp\u011btn\u00e1 dvouk\u0159\u00eddl\u00e1 mezip\u0159\u00edrubov\u00e1 typ 371 DN100 PN16 GG25 EPDM\/CF8M L=64<\/div>\n\t\t\t\t<\/a>\n\t\t\t\t<div class=\"wc-block-grid__product-price price\"><span class=\"woocommerce-Price-amount amount\">2 020&nbsp;<span class=\"woocommerce-Price-currencySymbol\">&#075;&#269;<\/span><\/span> <small class=\"woocommerce-price-suffix\">v\u010detn\u011b DPH<\/small><\/div>\n\t\t\t\t\n\t\t\t\t<div class=\"wp-block-button wc-block-grid__product-add-to-cart\"><a href=\"\/index.php?rest_route=%2Fwp%2Fv2%2Fpages%2F6&#038;add-to-cart=729\" aria-label=\"P\u0159idat do ko\u0161\u00edku: &ldquo;Klapka zp\u011btn\u00e1 dvouk\u0159\u00eddl\u00e1 mezip\u0159\u00edrubov\u00e1 typ 371 DN100 PN16 GG25 EPDM\/CF8M L=64&rdquo;\" data-quantity=\"1\" data-product_id=\"729\" data-product_sku=\"SCS3710100016\" data-price=\"2020\" rel=\"nofollow\" class=\"wp-block-button__link  add_to_cart_button ajax_add_to_cart\">P\u0159idat do ko\u0161\u00edku<\/a><\/div>\n\t\t\t<\/li><li class=\"wc-block-grid__product\">\n\t\t\t\t<a href=\"https:\/\/www.valvemar.cz\/?product=kohout-kulovy-dvoudilny-zavitovy-f-f-s-rucni-pakou-7151-1-pn50-cf8m-ptfe-f316-l68\" class=\"wc-block-grid__product-link\">\n\t\t\t\t\t\n\t\t\t\t\t<div class=\"wc-block-grid__product-image\"><img loading=\"lazy\" decoding=\"async\" width=\"300\" height=\"300\" src=\"https:\/\/www.valvemar.cz\/wp-content\/uploads\/2026\/01\/7151_DN25-300x300.jpg\" class=\"attachment-woocommerce_thumbnail size-woocommerce_thumbnail\" alt=\"Kohout kulov\u00fd dvoud\u00edln\u00fd z\u00e1vitov\u00fd F\/F s ru\u010dn\u00ed p\u00e1kou 7151 1&quot; PN50 CF8M PTFE F316 L=68\" srcset=\"https:\/\/www.valvemar.cz\/wp-content\/uploads\/2026\/01\/7151_DN25-300x300.jpg 300w, https:\/\/www.valvemar.cz\/wp-content\/uploads\/2026\/01\/7151_DN25-1024x1024.jpg 1024w, https:\/\/www.valvemar.cz\/wp-content\/uploads\/2026\/01\/7151_DN25-150x150.jpg 150w, https:\/\/www.valvemar.cz\/wp-content\/uploads\/2026\/01\/7151_DN25-768x768.jpg 768w, https:\/\/www.valvemar.cz\/wp-content\/uploads\/2026\/01\/7151_DN25-1536x1536.jpg 1536w, https:\/\/www.valvemar.cz\/wp-content\/uploads\/2026\/01\/7151_DN25-2048x2048.jpg 2048w, https:\/\/www.valvemar.cz\/wp-content\/uploads\/2026\/01\/7151_DN25-600x600.jpg 600w, https:\/\/www.valvemar.cz\/wp-content\/uploads\/2026\/01\/7151_DN25-100x100.jpg 100w\" sizes=\"auto, (max-width: 300px) 100vw, 300px\" \/><\/div>\n\t\t\t\t\t<div class=\"wc-block-grid__product-title\">Kohout kulov\u00fd dvoud\u00edln\u00fd z\u00e1vitov\u00fd F\/F s ru\u010dn\u00ed p\u00e1kou 7151 1&#8243; PN50 CF8M PTFE F316 L=68<\/div>\n\t\t\t\t<\/a>\n\t\t\t\t<div class=\"wc-block-grid__product-price price\"><span class=\"woocommerce-Price-amount amount\">475&nbsp;<span class=\"woocommerce-Price-currencySymbol\">&#075;&#269;<\/span><\/span> <small class=\"woocommerce-price-suffix\">v\u010detn\u011b DPH<\/small><\/div>\n\t\t\t\t\n\t\t\t\t<div class=\"wp-block-button wc-block-grid__product-add-to-cart\"><a href=\"\/index.php?rest_route=%2Fwp%2Fv2%2Fpages%2F6&#038;add-to-cart=674\" aria-label=\"P\u0159idat do ko\u0161\u00edku: &ldquo;Kohout kulov\u00fd dvoud\u00edln\u00fd z\u00e1vitov\u00fd F\/F s ru\u010dn\u00ed p\u00e1kou 7151 1&quot; PN50 CF8M PTFE F316 L=68&rdquo;\" data-quantity=\"1\" data-product_id=\"674\" data-product_sku=\"BAS71510025050\" data-price=\"475\" rel=\"nofollow\" class=\"wp-block-button__link  add_to_cart_button ajax_add_to_cart\">P\u0159idat do ko\u0161\u00edku<\/a><\/div>\n\t\t\t<\/li><li class=\"wc-block-grid__product\">\n\t\t\t\t<a href=\"https:\/\/www.valvemar.cz\/?product=kohout-kulovy-dvoudilny-zavitovy-f-f-s-rucni-pakou-7151-3-4-pn63-cf8m-ptfe-f316-l56\" class=\"wc-block-grid__product-link\">\n\t\t\t\t\t\n\t\t\t\t\t<div class=\"wc-block-grid__product-image\"><img loading=\"lazy\" decoding=\"async\" width=\"300\" height=\"300\" src=\"https:\/\/www.valvemar.cz\/wp-content\/uploads\/2026\/01\/7151_DN20-300x300.jpg\" class=\"attachment-woocommerce_thumbnail size-woocommerce_thumbnail\" alt=\"Kohout kulov\u00fd dvoud\u00edln\u00fd z\u00e1vitov\u00fd F\/F s ru\u010dn\u00ed p\u00e1kou 7151 3\/4&quot; PN63 CF8M PTFE F316 L=56\" srcset=\"https:\/\/www.valvemar.cz\/wp-content\/uploads\/2026\/01\/7151_DN20-300x300.jpg 300w, https:\/\/www.valvemar.cz\/wp-content\/uploads\/2026\/01\/7151_DN20-1024x1022.jpg 1024w, https:\/\/www.valvemar.cz\/wp-content\/uploads\/2026\/01\/7151_DN20-150x150.jpg 150w, https:\/\/www.valvemar.cz\/wp-content\/uploads\/2026\/01\/7151_DN20-768x767.jpg 768w, https:\/\/www.valvemar.cz\/wp-content\/uploads\/2026\/01\/7151_DN20-1536x1533.jpg 1536w, https:\/\/www.valvemar.cz\/wp-content\/uploads\/2026\/01\/7151_DN20-2048x2044.jpg 2048w, https:\/\/www.valvemar.cz\/wp-content\/uploads\/2026\/01\/7151_DN20-600x599.jpg 600w, https:\/\/www.valvemar.cz\/wp-content\/uploads\/2026\/01\/7151_DN20-100x100.jpg 100w\" sizes=\"auto, (max-width: 300px) 100vw, 300px\" \/><\/div>\n\t\t\t\t\t<div class=\"wc-block-grid__product-title\">Kohout kulov\u00fd dvoud\u00edln\u00fd z\u00e1vitov\u00fd F\/F s ru\u010dn\u00ed p\u00e1kou 7151 3\/4&#8243; PN63 CF8M PTFE F316 L=56<\/div>\n\t\t\t\t<\/a>\n\t\t\t\t<div class=\"wc-block-grid__product-price price\"><span class=\"woocommerce-Price-amount amount\">307&nbsp;<span class=\"woocommerce-Price-currencySymbol\">&#075;&#269;<\/span><\/span> <small class=\"woocommerce-price-suffix\">v\u010detn\u011b DPH<\/small><\/div>\n\t\t\t\t\n\t\t\t\t<div class=\"wp-block-button wc-block-grid__product-add-to-cart\"><a href=\"\/index.php?rest_route=%2Fwp%2Fv2%2Fpages%2F6&#038;add-to-cart=673\" aria-label=\"P\u0159idat do ko\u0161\u00edku: &ldquo;Kohout kulov\u00fd dvoud\u00edln\u00fd z\u00e1vitov\u00fd F\/F s ru\u010dn\u00ed p\u00e1kou 7151 3\/4&quot; PN63 CF8M PTFE F316 L=56&rdquo;\" data-quantity=\"1\" data-product_id=\"673\" data-product_sku=\"BAS71510020063\" data-price=\"307\" rel=\"nofollow\" class=\"wp-block-button__link  add_to_cart_button ajax_add_to_cart\">P\u0159idat do ko\u0161\u00edku<\/a><\/div>\n\t\t\t<\/li><\/ul><\/div><\/div>\n<\/div>\n\n\n\n<div class=\"wp-block-group alignfull has-white-color has-text-color has-background has-link-color wp-elements-7b5895fb60a8b1c9494ca7d431314a9e is-content-justification-space-between is-layout-flex wp-container-core-group-is-layout-0904c582 wp-block-group-is-layout-flex\" style=\"background-color:#00aaaa;margin-top:0;margin-bottom:0;padding-top:var(--wp--preset--spacing--50);padding-right:var(--wp--preset--spacing--30);padding-bottom:var(--wp--preset--spacing--50);padding-left:var(--wp--preset--spacing--30)\">\n<div class=\"wp-block-group wp-container-content-9cfa9a5a is-vertical is-layout-flex wp-container-core-group-is-layout-b7faace9 wp-block-group-is-layout-flex\">\n<p class=\"has-text-align-left\">VALVEMAR s.r.o.<\/p>\n\n\n\n<p class=\"has-text-align-left\">Veleliby 26, 28802 Dvory (okr. Nymburk), \u010cesk\u00e1 Republika<\/p>\n\n\n\n<p class=\"has-text-align-left\">tel.: +420 603 453 545<\/p>\n\n\n\n<p class=\"has-text-align-left\">e-mail: info@valvemar.cz<\/p>\n\n\n\n<p>I\u010c: 14154102   DI\u010c: CZ14154102<\/p>\n\n\n\n<p>Spisov\u00e1 zna\u010dka: C 361087 veden\u00e1 u M\u011bstsk\u00e9ho soudu v Praze<\/p>\n\n\n\n<p><\/p>\n\n\n\n<p class=\"has-text-align-left has-small-font-size\">Proudly powered by <a rel=\"nofollow\" href=\"https:\/\/wordpress.org\">WordPress<\/a> <\/p>\n<\/div>\n<\/div>\n","protected":false},"excerpt":{"rendered":"<p>str\u00e1nky v rekonstrukci D\u011bkujeme za pochopen\u00ed.<\/p>\n","protected":false},"author":1,"featured_media":0,"parent":0,"menu_order":0,"comment_status":"closed","ping_status":"closed","template":"","meta":{"footnotes":""},"class_list":["post-6","page","type-page","status-publish","hentry"],"_links":{"self":[{"href":"https:\/\/www.valvemar.cz\/index.php?rest_route=\/wp\/v2\/pages\/6","targetHints":{"allow":["GET"]}}],"collection":[{"href":"https:\/\/www.valvemar.cz\/index.php?rest_route=\/wp\/v2\/pages"}],"about":[{"href":"https:\/\/www.valvemar.cz\/index.php?rest_route=\/wp\/v2\/types\/page"}],"author":[{"embeddable":true,"href":"https:\/\/www.valvemar.cz\/index.php?rest_route=\/wp\/v2\/users\/1"}],"replies":[{"embeddable":true,"href":"https:\/\/www.valvemar.cz\/index.php?rest_route=%2Fwp%2Fv2%2Fcomments&post=6"}],"version-history":[{"count":11,"href":"https:\/\/www.valvemar.cz\/index.php?rest_route=\/wp\/v2\/pages\/6\/revisions"}],"predecessor-version":[{"id":525,"href":"https:\/\/www.valvemar.cz\/index.php?rest_route=\/wp\/v2\/pages\/6\/revisions\/525"}],"wp:attachment":[{"href":"https:\/\/www.valvemar.cz\/index.php?rest_route=%2Fwp%2Fv2%2Fmedia&parent=6"}],"curies":[{"name":"wp","href":"https:\/\/api.w.org\/{rel}","templated":true}]}}