{"id":9,"date":"2024-11-28T18:51:06","date_gmt":"2024-11-28T18:51:06","guid":{"rendered":"http:\/\/localhost\/wordpress\/?page_id=9"},"modified":"2024-12-30T14:45:48","modified_gmt":"2024-12-30T14:45:48","slug":"refund_returns","status":"publish","type":"page","link":"https:\/\/www.valvemar.cz\/?page_id=9","title":{"rendered":"Reklama\u010dn\u00ed \u0159\u00e1d"},"content":{"rendered":"\n<p class=\"has-text-align-center has-base-2-color has-custom-color-1-background-color has-text-color has-background has-link-color wp-elements-daec6196c7206035b98b5d99a883cca9\">Reklama\u010dn\u00ed \u0159\u00e1d<br>obchodn\u00ed spole\u010dnosti<br>VALVEMAR s.r.o., I\u010cO: 14154102, DI\u010c: CZ14154102,<br>se s\u00eddlem Veleliby 26, 288 02 Dvory,<br>spole\u010dnost zapsan\u00e1 v obchodn\u00edm rejst\u0159\u00edku veden\u00e9m u M\u011bstsk\u00e9ho soudu v Praze pod sp. zn. C 361087, prodej zbo\u017e\u00ed prost\u0159ednictv\u00edm on-line obchodu um\u00edst\u011bn\u00e9ho na internetov\u00e9 adrese www.valvemar.cz<\/p>\n\n\n\n<ol class=\"wp-block-list\">\n<li>V\u0160EOBECN\u00c1 USTANOVEN\u00cd<br>1.1 V souladu se z\u00e1konem \u010d. 89\/2012 Sb., ob\u010dansk\u00e9ho z\u00e1kon\u00edku a z\u00e1konu \u010d. 634\/1992 Sb., o ochran\u011b spot\u0159ebitele se stanovuje tento reklama\u010dn\u00ed \u0159\u00e1d.<br>1.2 Tento reklama\u010dn\u00ed \u0159\u00e1d se vztahuje na zbo\u017e\u00ed zakoupen\u00e9 od spole\u010dnosti VALVEMAR s.r.o. (d\u00e1le jen &#8222;prod\u00e1vaj\u00edc\u00ed&#8220;), u n\u011bho\u017e jsou v z\u00e1ru\u010dn\u00ed dob\u011b uplat\u0148ov\u00e1na pr\u00e1va Kupuj\u00edc\u00edho z odpov\u011bdnosti za vady (d\u00e1le jen &#8222;Reklamace&#8220;).<br>1.3 Z\u00e1ru\u010dn\u00ed doba je z\u00e1sadn\u011b stanovena z\u00e1ru\u010dn\u00edm listem. Nen\u00ed-li z\u00e1ru\u010dn\u00edho listu (dle p\u0159edchoz\u00ed v\u011bty) je z\u00e1ru\u010dn\u00ed doba stanovena podle prodejn\u00edho dokladu, kter\u00fd tak z\u00e1rove\u0148 slou\u017e\u00ed jako z\u00e1ru\u010dn\u00ed list.<br>1.4 P\u0159evzet\u00edm zbo\u017e\u00ed stvrzuje kupuj\u00edc\u00ed souhlas se z\u00e1ru\u010dn\u00edmi podm\u00ednkami prod\u00e1vaj\u00edc\u00edho. Pokud nen\u00ed zbo\u017e\u00ed osobn\u011b odebr\u00e1no, rozum\u00ed se p\u0159evzet\u00edm zbo\u017e\u00ed okam\u017eik, kdy zbo\u017e\u00ed p\u0159eb\u00edr\u00e1 kupuj\u00edc\u00ed od dopravce (potvrzeno podpisem na dodac\u00edm listu, p\u0159\u00edpadn\u011b jin\u00e9m dokladu o p\u0159evzet\u00ed zbo\u017e\u00ed od dopravce).<br>1.5 Kupuj\u00edc\u00ed je povinen prohl\u00e9dnout zbo\u017e\u00ed p\u0159i jeho p\u0159evzet\u00ed. Zjist\u00ed-li kupuj\u00edc\u00ed vady zbo\u017e\u00ed bezprost\u0159edn\u011b po jeho p\u0159evzet\u00ed od dopravce, je povinen s dopravcem sepsat \u0161kodn\u00ed protokol.<br>1.6 Kupuj\u00edc\u00ed je povinen reklamovat vady neprodlen\u011b po jejich zji\u0161t\u011bn\u00ed. Reklamace nemus\u00ed b\u00fdt uzn\u00e1na v pln\u00e9m rozsahu, pokud bude zbo\u017e\u00ed pou\u017eito i p\u0159es jeho zjevnou vadu.<\/li>\n\n\n\n<li>LH\u016eTA PRO UPLATN\u011aN\u00cd PR\u00c1V<br>2.1 Prod\u00e1vaj\u00edc\u00ed odpov\u00edd\u00e1 za vady, kter\u00e9 se projev\u00ed v z\u00e1ru\u010dn\u00ed dob\u011b dle odst. 1.3 tohoto reklama\u010dn\u00edho \u0159\u00e1du. V p\u0159\u00edpad\u011b pou\u017eit\u00e9ho zbo\u017e\u00ed \u010din\u00ed z\u00e1ru\u010dn\u00ed lh\u016fta 12 m\u011bs\u00edc\u016f.<br>2.2 Z\u00e1ru\u010dn\u00ed doba za\u010d\u00edn\u00e1 b\u011b\u017eet dnem p\u0159evzet\u00ed zbo\u017e\u00ed kupuj\u00edc\u00edm a prodlu\u017euje se o dobu opr\u00e1vn\u011bn\u00e9ho vy\u0159izov\u00e1n\u00ed reklamace.<br>2.3 Reklamace bude ze strany prod\u00e1vaj\u00edc\u00edho \u0159e\u0161ena neprodlen\u011b, nejpozd\u011bji v\u0161ak do t\u0159iceti (30) kalend\u00e1\u0159n\u00edch dn\u016f ode dne uplatn\u011bn\u00ed reklamace, pokud se ob\u011b strany nedohodnou jinak (nap\u0159. pokud povaha reklamace vy\u017eaduje \u00fa\u010dast v\u00fdrobce). Uplatn\u011bn\u00edm reklamace se rozum\u00ed \u0159\u00e1dn\u00e9 p\u0159ed\u00e1n\u00ed reklamovan\u00e9ho zbo\u017e\u00ed prod\u00e1vaj\u00edc\u00edmu (p\u0159\u00edpadn\u011b doru\u010den\u00ed na adresu jeho provozovny) v\u010detn\u011b v\u0161ech n\u00e1le\u017eitost\u00ed nutn\u00fdch k vy\u0159\u00edzen\u00ed reklamace.<\/li>\n\n\n\n<li>PODM\u00cdNKY PRO UPLATN\u011aN\u00cd REKLAMACE<br>3.1 Kupuj\u00edc\u00ed je povinen poskytnout prod\u00e1vaj\u00edc\u00edmu ve\u0161kerou sou\u010dinnost pot\u0159ebnou k prok\u00e1z\u00e1n\u00ed existence a ov\u011b\u0159en\u00ed reklamovan\u00e9 vady, d\u00e9lky z\u00e1ruky a opr\u00e1vn\u011bnosti uplatn\u011bn\u00e9ho pr\u00e1va z odpov\u011bdnosti za vady. P\u0159i uplatn\u011bn\u00ed reklamace mus\u00ed kupuj\u00edc\u00ed p\u0159edlo\u017eit doklad potvrzuj\u00edc\u00ed n\u00e1kup zbo\u017e\u00ed od prod\u00e1vaj\u00edc\u00edho a specifikovat konkr\u00e9tn\u00ed vadu\/vady, pro kterou je zbo\u017e\u00ed reklamov\u00e1no. Zbo\u017e\u00ed mus\u00ed b\u00fdt \u010dist\u00e9 a kompletn\u00ed (nebo v\u010detn\u011b v\u0161ech sou\u010d\u00e1st\u00ed nutn\u00fdch k ov\u011b\u0159en\u00ed reklamovan\u00e9 vady).<br>3.2 Poskytl-li prod\u00e1vaj\u00edc\u00ed pro n\u011bjakou vadu slevu, nelze ji\u017e pro tuto vadu uplatnit reklamaci.<br>3.3 Reklamace nemus\u00ed b\u00fdt uzn\u00e1na za opr\u00e1vn\u011bnou v p\u0159\u00edpad\u011b nespln\u011bn\u00ed n\u011bkter\u00e9 z t\u011bchto podm\u00ednek:<br>a) zbo\u017e\u00ed mus\u00ed b\u00fdt pou\u017e\u00edv\u00e1no v souladu s p\u0159\u00edslu\u0161nou dokumentac\u00ed ke zbo\u017e\u00ed (n\u00e1vodem, p\u0159\u00edpadn\u011b z\u00e1ru\u010dn\u00edm listem; pokud je sou\u010d\u00e1st\u00ed),<br>b) z\u00e1ru\u010dn\u00ed plomba (pokud j\u00ed je zbo\u017e\u00ed opat\u0159eno, nap\u0159. ve form\u011b samolepky) nesm\u00ed b\u00fdt po\u0161kozena nebo odstran\u011bna, na zbo\u017e\u00ed nesm\u00ed b\u00fdt proveden dodate\u010dn\u00fd z\u00e1sah,<br>c) zbo\u017e\u00ed nesm\u00ed b\u00fdt pou\u017e\u00edv\u00e1no v podm\u00ednk\u00e1ch, kter\u00e9 svou povahou pou\u017eit\u00ed zbo\u017e\u00ed vylu\u010duj\u00ed,<br>d) vada byla zp\u016fsobena \u017eivelnou pohromou, pov\u011btrnostn\u00edmi vlivy, n\u00e1siln\u00fdm po\u0161kozen\u00edm, neodbornou instalac\u00ed nebo zm\u011bnou parametr\u016f, zach\u00e1zen\u00edm, obsluhou, p\u0159\u00edpadn\u011b zanedb\u00e1n\u00edm p\u00e9\u010de o zbo\u017e\u00ed.<br>3.4 P\u0159i nespln\u011bn\u00ed reklama\u010dn\u00edch podm\u00ednek dle p\u0159edchoz\u00edho odst. 3.3 tohoto reklama\u010dn\u00edho \u0159\u00e1du nebo nedodr\u017een\u00ed postup\u016f reklamace podle tohoto reklama\u010dn\u00edho \u0159\u00e1du, nemus\u00ed b\u00fdt reklamace uzn\u00e1na jako opr\u00e1vn\u011bn\u00e1. V takov\u00e9m p\u0159\u00edpad\u011b je prod\u00e1vaj\u00edc\u00ed opr\u00e1vn\u011bn po\u017eadovat od kupuj\u00edc\u00edho n\u00e1hradu \u00fa\u010deln\u011b vynalo\u017een\u00fdch n\u00e1klad\u016f, kter\u00e9 mu v souvislosti s reklamac\u00ed vznikly.<\/li>\n\n\n\n<li>Z\u00c1V\u011aRE\u010cN\u00c1 USTANOVEN\u00cd<br>4.1 Tento reklama\u010dn\u00ed \u0159\u00e1d nab\u00fdv\u00e1 \u00fa\u010dinnosti dne 06.11.2024 a ru\u0161\u00ed ve\u0161ker\u00e1 p\u0159edchoz\u00ed ustanoven\u00ed a zvyklosti platn\u00e9 pro vy\u0159izov\u00e1n\u00ed reklamac\u00ed a z\u00e1ruk u zbo\u017e\u00ed.<br>4.2 Obchodn\u00ed spole\u010dnost VALVEMAR s.r.o. si vyhrazuje pr\u00e1vo zm\u011bny tohoto reklama\u010dn\u00edho \u0159\u00e1du.<\/li>\n<\/ol>\n\n\n\n<p><\/p>\n\n\n\n<p><\/p>\n\n\n\n<div class=\"wp-block-file\"><a id=\"wp-block-file--media-2220e6e7-1f03-4d24-b44d-da10d668c362\" href=\"https:\/\/www.valvemar.cz\/wp-content\/uploads\/2024\/11\/Formular-pro-odstoupeni-od-smlouvy.doc\" target=\"_blank\" rel=\"noreferrer noopener\">Formul\u00e1\u0159 pro odstoupen\u00ed od smlouvy<\/a><a href=\"https:\/\/www.valvemar.cz\/wp-content\/uploads\/2024\/11\/Formular-pro-odstoupeni-od-smlouvy.doc\" class=\"wp-block-file__button wp-element-button\" download aria-describedby=\"wp-block-file--media-2220e6e7-1f03-4d24-b44d-da10d668c362\">St\u00e1hnout<\/a><\/div>\n\n\n\n<div class=\"wp-block-group alignfull has-white-color has-text-color has-background has-link-color wp-elements-7b5895fb60a8b1c9494ca7d431314a9e is-content-justification-space-between is-layout-flex wp-container-core-group-is-layout-0904c582 wp-block-group-is-layout-flex\" style=\"background-color:#00aaaa;margin-top:0;margin-bottom:0;padding-top:var(--wp--preset--spacing--50);padding-right:var(--wp--preset--spacing--30);padding-bottom:var(--wp--preset--spacing--50);padding-left:var(--wp--preset--spacing--30)\">\n<div class=\"wp-block-group wp-container-content-9cfa9a5a is-vertical is-layout-flex wp-container-core-group-is-layout-b7faace9 wp-block-group-is-layout-flex\">\n<p class=\"has-text-align-left\">VALVEMAR s.r.o.<\/p>\n\n\n\n<p class=\"has-text-align-left\">Veleliby 26, 28802 Dvory (okr. Nymburk), \u010cesk\u00e1 Republika<\/p>\n\n\n\n<p class=\"has-text-align-left\">tel.: +420 603 453 545<\/p>\n\n\n\n<p class=\"has-text-align-left\">e-mail: info@valvemar.cz<\/p>\n\n\n\n<p>I\u010c: 14154102   DI\u010c: CZ14154102<\/p>\n\n\n\n<p>Spisov\u00e1 zna\u010dka: C 361087 veden\u00e1 u M\u011bstsk\u00e9ho soudu v Praze<\/p>\n\n\n\n<p><\/p>\n\n\n\n<p class=\"has-text-align-left has-small-font-size\">Proudly powered by <a rel=\"nofollow\" href=\"https:\/\/wordpress.org\">WordPress<\/a> <\/p>\n<\/div>\n<\/div>\n","protected":false},"excerpt":{"rendered":"<p>Reklama\u010dn\u00ed \u0159\u00e1dobchodn\u00ed spole\u010dnostiVALVEMAR s.r.o., I\u010cO: 14154102, DI\u010c: CZ14154102,se s\u00eddlem Veleliby 26, 288 02 Dvory,spole\u010dnost zapsan\u00e1 v obchodn\u00edm rejst\u0159\u00edku veden\u00e9m u M\u011bstsk\u00e9ho soudu v Praze pod sp. zn. C 361087, prodej zbo\u017e\u00ed prost\u0159ednictv\u00edm on-line obchodu um\u00edst\u011bn\u00e9ho na internetov\u00e9 adrese www.valvemar.cz<\/p>\n","protected":false},"author":1,"featured_media":0,"parent":0,"menu_order":0,"comment_status":"closed","ping_status":"closed","template":"","meta":{"footnotes":""},"class_list":["post-9","page","type-page","status-publish","hentry"],"_links":{"self":[{"href":"https:\/\/www.valvemar.cz\/index.php?rest_route=\/wp\/v2\/pages\/9","targetHints":{"allow":["GET"]}}],"collection":[{"href":"https:\/\/www.valvemar.cz\/index.php?rest_route=\/wp\/v2\/pages"}],"about":[{"href":"https:\/\/www.valvemar.cz\/index.php?rest_route=\/wp\/v2\/types\/page"}],"author":[{"embeddable":true,"href":"https:\/\/www.valvemar.cz\/index.php?rest_route=\/wp\/v2\/users\/1"}],"replies":[{"embeddable":true,"href":"https:\/\/www.valvemar.cz\/index.php?rest_route=%2Fwp%2Fv2%2Fcomments&post=9"}],"version-history":[{"count":9,"href":"https:\/\/www.valvemar.cz\/index.php?rest_route=\/wp\/v2\/pages\/9\/revisions"}],"predecessor-version":[{"id":523,"href":"https:\/\/www.valvemar.cz\/index.php?rest_route=\/wp\/v2\/pages\/9\/revisions\/523"}],"wp:attachment":[{"href":"https:\/\/www.valvemar.cz\/index.php?rest_route=%2Fwp%2Fv2%2Fmedia&parent=9"}],"curies":[{"name":"wp","href":"https:\/\/api.w.org\/{rel}","templated":true}]}}