{"id":292,"date":"2024-12-06T22:55:01","date_gmt":"2024-12-06T22:55:01","guid":{"rendered":"https:\/\/www.valvemar.cz\/?post_type=product&#038;p=292"},"modified":"2025-01-07T18:26:49","modified_gmt":"2025-01-07T18:26:49","slug":"klapka-zpetna-dvoukridla-meziprirubova-dn50-pn16-gg25-epdm-cf8m-l54","status":"publish","type":"product","link":"https:\/\/www.valvemar.cz\/?product=klapka-zpetna-dvoukridla-meziprirubova-dn50-pn16-gg25-epdm-cf8m-l54","title":{"rendered":"Klapka zp\u011btn\u00e1 dvouk\u0159\u00eddl\u00e1 mezip\u0159\u00edrubov\u00e1 DN50 PN16 GG25 EPDM\/CF8M L=54"},"content":{"rendered":"<p>Klapka zp\u011btn\u00e1 dvouk\u0159\u00eddl\u00e1 mezip\u0159\u00edrubov\u00e1 typ 371 DN50 PN16<\/p>\n<p>materi\u00e1l t\u011blesa: \u0161ed\u00e1 litina GG25, sedla: pry\u017e EPDM, k\u0159\u00eddla: nerez A351-CF8M<\/p>\n<p>stavebn\u00ed d\u00e9lka: L=54 mm<\/p>\n","protected":false},"excerpt":{"rendered":"<p><a href=\"https:\/\/www.valvemar.cz\/wp-content\/uploads\/2024\/12\/katalogovy_list_371.pdf\">katalogov\u00fd_list_371<\/a><\/p>\n","protected":false},"featured_media":463,"comment_status":"open","ping_status":"closed","template":"","meta":[],"product_brand":[],"product_cat":[57],"product_tag":[98,33,26,99,32,95,25,29,37,36],"class_list":{"0":"post-292","1":"product","2":"type-product","3":"status-publish","4":"has-post-thumbnail","6":"product_cat-meziprirubove","7":"product_tag-98","8":"product_tag-cf8m","9":"product_tag-dn50","10":"product_tag-dvoukridla","11":"product_tag-epdm","12":"product_tag-gg25","13":"product_tag-klapka","14":"product_tag-meziprirubova","15":"product_tag-pn16","16":"product_tag-zpetna","18":"first","19":"instock","20":"taxable","21":"shipping-taxable","22":"purchasable","23":"product-type-simple"},"_links":{"self":[{"href":"https:\/\/www.valvemar.cz\/index.php?rest_route=\/wp\/v2\/product\/292","targetHints":{"allow":["GET"]}}],"collection":[{"href":"https:\/\/www.valvemar.cz\/index.php?rest_route=\/wp\/v2\/product"}],"about":[{"href":"https:\/\/www.valvemar.cz\/index.php?rest_route=\/wp\/v2\/types\/product"}],"replies":[{"embeddable":true,"href":"https:\/\/www.valvemar.cz\/index.php?rest_route=%2Fwp%2Fv2%2Fcomments&post=292"}],"wp:featuredmedia":[{"embeddable":true,"href":"https:\/\/www.valvemar.cz\/index.php?rest_route=\/wp\/v2\/media\/463"}],"wp:attachment":[{"href":"https:\/\/www.valvemar.cz\/index.php?rest_route=%2Fwp%2Fv2%2Fmedia&parent=292"}],"wp:term":[{"taxonomy":"product_brand","embeddable":true,"href":"https:\/\/www.valvemar.cz\/index.php?rest_route=%2Fwp%2Fv2%2Fproduct_brand&post=292"},{"taxonomy":"product_cat","embeddable":true,"href":"https:\/\/www.valvemar.cz\/index.php?rest_route=%2Fwp%2Fv2%2Fproduct_cat&post=292"},{"taxonomy":"product_tag","embeddable":true,"href":"https:\/\/www.valvemar.cz\/index.php?rest_route=%2Fwp%2Fv2%2Fproduct_tag&post=292"}],"curies":[{"name":"wp","href":"https:\/\/api.w.org\/{rel}","templated":true}]}}