{"id":294,"date":"2024-12-06T23:05:52","date_gmt":"2024-12-06T23:05:52","guid":{"rendered":"https:\/\/www.valvemar.cz\/?post_type=product&#038;p=294"},"modified":"2025-01-07T11:38:42","modified_gmt":"2025-01-07T11:38:42","slug":"ventil-zpetny-meziprirubovy-c09-402-040-dn15-pn40-cf8m-l16","status":"publish","type":"product","link":"https:\/\/www.valvemar.cz\/?product=ventil-zpetny-meziprirubovy-c09-402-040-dn15-pn40-cf8m-l16","title":{"rendered":"Ventil zp\u011btn\u00fd mezip\u0159\u00edrubov\u00fd C09 402 040 DN15 PN40 CF8M L=16"},"content":{"rendered":"<p>Ventil zp\u011btn\u00fd mezip\u0159\u00edrubov\u00fd C09 402 040 DN15 PN40<\/p>\n<p>materi\u00e1l: nerezov\u00e1 ocel A351-CF8M<\/p>\n<p>stavebn\u00ed d\u00e9lka: L=16 mm<\/p>\n","protected":false},"excerpt":{"rendered":"<p>Ventil zp\u011btn\u00fd mezip\u0159\u00edrubov\u00fd C09 402 040 DN15 PN40 materi\u00e1l: nerezov\u00e1 ocel A351-CF8M stavebn\u00ed d\u00e9lka: L=16 mm<\/p>\n","protected":false},"featured_media":288,"comment_status":"open","ping_status":"closed","template":"","meta":[],"product_brand":[],"product_cat":[103],"product_tag":[108,106,107,33,51,105,54,46,104],"class_list":{"0":"post-294","1":"product","2":"type-product","3":"status-publish","4":"has-post-thumbnail","6":"product_cat-meziprirubove-zpetne-ventily","7":"product_tag-108","8":"product_tag-c09","9":"product_tag-c09402040","10":"product_tag-cf8m","11":"product_tag-dn15","12":"product_tag-meziprirubovy","13":"product_tag-pn40","14":"product_tag-ventil","15":"product_tag-zpetny","17":"first","18":"instock","19":"taxable","20":"shipping-taxable","21":"purchasable","22":"product-type-simple"},"_links":{"self":[{"href":"https:\/\/www.valvemar.cz\/index.php?rest_route=\/wp\/v2\/product\/294","targetHints":{"allow":["GET"]}}],"collection":[{"href":"https:\/\/www.valvemar.cz\/index.php?rest_route=\/wp\/v2\/product"}],"about":[{"href":"https:\/\/www.valvemar.cz\/index.php?rest_route=\/wp\/v2\/types\/product"}],"replies":[{"embeddable":true,"href":"https:\/\/www.valvemar.cz\/index.php?rest_route=%2Fwp%2Fv2%2Fcomments&post=294"}],"wp:featuredmedia":[{"embeddable":true,"href":"https:\/\/www.valvemar.cz\/index.php?rest_route=\/wp\/v2\/media\/288"}],"wp:attachment":[{"href":"https:\/\/www.valvemar.cz\/index.php?rest_route=%2Fwp%2Fv2%2Fmedia&parent=294"}],"wp:term":[{"taxonomy":"product_brand","embeddable":true,"href":"https:\/\/www.valvemar.cz\/index.php?rest_route=%2Fwp%2Fv2%2Fproduct_brand&post=294"},{"taxonomy":"product_cat","embeddable":true,"href":"https:\/\/www.valvemar.cz\/index.php?rest_route=%2Fwp%2Fv2%2Fproduct_cat&post=294"},{"taxonomy":"product_tag","embeddable":true,"href":"https:\/\/www.valvemar.cz\/index.php?rest_route=%2Fwp%2Fv2%2Fproduct_tag&post=294"}],"curies":[{"name":"wp","href":"https:\/\/api.w.org\/{rel}","templated":true}]}}