{"id":546,"date":"2025-01-19T19:23:15","date_gmt":"2025-01-19T19:23:15","guid":{"rendered":"https:\/\/www.valvemar.cz\/?post_type=product&#038;p=546"},"modified":"2025-01-19T19:42:32","modified_gmt":"2025-01-19T19:42:32","slug":"ventil-zpetny-meziprirubovy-dn25-pn40-1-4408-aisi316-l21","status":"publish","type":"product","link":"https:\/\/www.valvemar.cz\/?product=ventil-zpetny-meziprirubovy-dn25-pn40-1-4408-aisi316-l21","title":{"rendered":"Ventil zp\u011btn\u00fd mezip\u0159\u00edrubov\u00fd DN25 PN40 1.4408 AISI316 L=21"},"content":{"rendered":"<p>Ventil zp\u011btn\u00fd mezip\u0159\u00edrubov\u00fd typ 390 DN25 PN40 1.4408 AISI316<\/p>\n<p>materi\u00e1l: nerezov\u00e1 ocel 1.4408 a AISI316<\/p>\n<p>stavebn\u00ed d\u00e9lka: L=21 mm<\/p>\n","protected":false},"excerpt":{"rendered":"<p><a href=\"https:\/\/www.valvemar.cz\/wp-content\/uploads\/2024\/12\/katalogovy_list_390.pdf\">katalogov\u00fd_list_390<\/a><\/p>\n","protected":false},"featured_media":286,"comment_status":"open","ping_status":"closed","template":"","meta":[],"product_brand":[],"product_cat":[103],"product_tag":[111,181,112,110,180,106,107,33,100,25,105,54,46,31,36,104],"class_list":{"0":"post-546","1":"product","2":"type-product","3":"status-publish","4":"has-post-thumbnail","6":"product_cat-meziprirubove-zpetne-ventily","7":"product_tag-1-4408","8":"product_tag-181","9":"product_tag-112","10":"product_tag-110","11":"product_tag-180","12":"product_tag-c09","13":"product_tag-c09402040","14":"product_tag-cf8m","15":"product_tag-dn25","16":"product_tag-klapka","17":"product_tag-meziprirubovy","18":"product_tag-pn40","19":"product_tag-ventil","20":"product_tag-wafer","21":"product_tag-zpetna","22":"product_tag-zpetny","24":"first","25":"instock","26":"taxable","27":"shipping-taxable","28":"purchasable","29":"product-type-simple"},"_links":{"self":[{"href":"https:\/\/www.valvemar.cz\/index.php?rest_route=\/wp\/v2\/product\/546","targetHints":{"allow":["GET"]}}],"collection":[{"href":"https:\/\/www.valvemar.cz\/index.php?rest_route=\/wp\/v2\/product"}],"about":[{"href":"https:\/\/www.valvemar.cz\/index.php?rest_route=\/wp\/v2\/types\/product"}],"replies":[{"embeddable":true,"href":"https:\/\/www.valvemar.cz\/index.php?rest_route=%2Fwp%2Fv2%2Fcomments&post=546"}],"wp:featuredmedia":[{"embeddable":true,"href":"https:\/\/www.valvemar.cz\/index.php?rest_route=\/wp\/v2\/media\/286"}],"wp:attachment":[{"href":"https:\/\/www.valvemar.cz\/index.php?rest_route=%2Fwp%2Fv2%2Fmedia&parent=546"}],"wp:term":[{"taxonomy":"product_brand","embeddable":true,"href":"https:\/\/www.valvemar.cz\/index.php?rest_route=%2Fwp%2Fv2%2Fproduct_brand&post=546"},{"taxonomy":"product_cat","embeddable":true,"href":"https:\/\/www.valvemar.cz\/index.php?rest_route=%2Fwp%2Fv2%2Fproduct_cat&post=546"},{"taxonomy":"product_tag","embeddable":true,"href":"https:\/\/www.valvemar.cz\/index.php?rest_route=%2Fwp%2Fv2%2Fproduct_tag&post=546"}],"curies":[{"name":"wp","href":"https:\/\/api.w.org\/{rel}","templated":true}]}}