{"id":730,"date":"2026-03-26T15:57:28","date_gmt":"2026-03-26T15:57:28","guid":{"rendered":"https:\/\/www.valvemar.cz\/?post_type=product&#038;p=730"},"modified":"2026-03-26T16:04:31","modified_gmt":"2026-03-26T16:04:31","slug":"kompenzator-axialni-vlnovcovy-prirubovy-dn65-pn16-aisi321-l140-20-mm","status":"publish","type":"product","link":"https:\/\/www.valvemar.cz\/?product=kompenzator-axialni-vlnovcovy-prirubovy-dn65-pn16-aisi321-l140-20-mm","title":{"rendered":"Kompenz\u00e1tor axi\u00e1ln\u00ed vlnovcov\u00fd p\u0159\u00edrubov\u00fd DN65 PN16 AISI321 L=140 +\/-20 mm"},"content":{"rendered":"<p>Kompenz\u00e1tor axi\u00e1ln\u00ed vlnovcov\u00fd p\u0159\u00edrubov\u00fd typ 1521 DN65 PN16<\/p>\n<p>materi\u00e1l vlnovce a vod\u00edc\u00edch trubek: nerezov\u00e1 ocel AISI 321, oto\u010dn\u00e9 p\u0159\u00edruby: uhl\u00edkov\u00e1 ocel<\/p>\n<p>stavebn\u00ed d\u00e9lka: L=140 +\/-20 mm<\/p>\n","protected":false},"excerpt":{"rendered":"<p><a href=\"https:\/\/www.valvemar.cz\/wp-content\/uploads\/2024\/12\/katalogovy_list_1521.pdf\">katalogov\u00fd_list_1521<\/a><\/p>\n","protected":false},"featured_media":731,"comment_status":"open","ping_status":"closed","template":"","meta":[],"product_brand":[],"product_cat":[61],"product_tag":[214,125,227,130,128,71,63,34,37,48,129,127],"class_list":{"0":"post-730","1":"product","2":"type-product","3":"status-publish","4":"has-post-thumbnail","6":"product_cat-prirubove-kompenzatory","7":"product_tag-214","8":"product_tag-125","9":"product_tag-227","10":"product_tag-a321","11":"product_tag-axialni","12":"product_tag-dn80","13":"product_tag-kompenzator","14":"product_tag-nerez","15":"product_tag-pn16","16":"product_tag-prirubovy","17":"product_tag-uhlik","18":"product_tag-vlnovcovy","20":"first","21":"instock","22":"taxable","23":"shipping-taxable","24":"purchasable","25":"product-type-simple"},"_links":{"self":[{"href":"https:\/\/www.valvemar.cz\/index.php?rest_route=\/wp\/v2\/product\/730","targetHints":{"allow":["GET"]}}],"collection":[{"href":"https:\/\/www.valvemar.cz\/index.php?rest_route=\/wp\/v2\/product"}],"about":[{"href":"https:\/\/www.valvemar.cz\/index.php?rest_route=\/wp\/v2\/types\/product"}],"replies":[{"embeddable":true,"href":"https:\/\/www.valvemar.cz\/index.php?rest_route=%2Fwp%2Fv2%2Fcomments&post=730"}],"wp:featuredmedia":[{"embeddable":true,"href":"https:\/\/www.valvemar.cz\/index.php?rest_route=\/wp\/v2\/media\/731"}],"wp:attachment":[{"href":"https:\/\/www.valvemar.cz\/index.php?rest_route=%2Fwp%2Fv2%2Fmedia&parent=730"}],"wp:term":[{"taxonomy":"product_brand","embeddable":true,"href":"https:\/\/www.valvemar.cz\/index.php?rest_route=%2Fwp%2Fv2%2Fproduct_brand&post=730"},{"taxonomy":"product_cat","embeddable":true,"href":"https:\/\/www.valvemar.cz\/index.php?rest_route=%2Fwp%2Fv2%2Fproduct_cat&post=730"},{"taxonomy":"product_tag","embeddable":true,"href":"https:\/\/www.valvemar.cz\/index.php?rest_route=%2Fwp%2Fv2%2Fproduct_tag&post=730"}],"curies":[{"name":"wp","href":"https:\/\/api.w.org\/{rel}","templated":true}]}}